{"id":26713,"date":"2021-11-04T13:18:48","date_gmt":"2021-11-04T13:18:48","guid":{"rendered":"http:\/\/apal.pt\/home\/?page_id=26713"},"modified":"2021-12-07T13:12:31","modified_gmt":"2021-12-07T13:12:31","slug":"anodizacao-2","status":"publish","type":"page","link":"https:\/\/apal.pt\/home\/anodizacao\/anodizacao-2\/","title":{"rendered":"Anodiza\u00e7\u00e3o"},"content":{"rendered":"\t\t<div data-elementor-type=\"wp-page\" data-elementor-id=\"26713\" class=\"elementor elementor-26713\" data-elementor-post-type=\"page\">\n\t\t\t\t\t\t<section class=\"elementor-section elementor-top-section elementor-element elementor-element-67a8d5c elementor-section-full_width elementor-section-stretched elementor-section-height-default elementor-section-height-default\" data-id=\"67a8d5c\" data-element_type=\"section\" data-e-type=\"section\" data-settings=\"{&quot;stretch_section&quot;:&quot;section-stretched&quot;,&quot;background_background&quot;:&quot;classic&quot;}\">\r\n\t\t\t\t\t\t<div class=\"elementor-container elementor-column-gap-thegem\"><div class=\"elementor-row\">\r\n\t\t\t\t\t<div class=\"elementor-column elementor-col-100 elementor-top-column elementor-element elementor-element-eaa0257\" data-id=\"eaa0257\" data-element_type=\"column\" data-e-type=\"column\">\n\t\t\t<div class=\"elementor-widget-wrap elementor-element-populated\">\n\t\t\t\t\t\t<section class=\"elementor-section elementor-inner-section elementor-element elementor-element-d094509 elementor-section-boxed elementor-section-height-default elementor-section-height-default\" data-id=\"d094509\" data-element_type=\"section\" data-e-type=\"section\">\r\n\t\t\t\t\t\t<div class=\"elementor-container elementor-column-gap-thegem\"><div class=\"elementor-row\">\r\n\t\t\t\t\t<div class=\"elementor-column elementor-col-100 elementor-inner-column elementor-element elementor-element-ceba89f\" data-id=\"ceba89f\" data-element_type=\"column\" data-e-type=\"column\">\n\t\t\t<div class=\"elementor-widget-wrap elementor-element-populated\">\n\t\t\t\t\t\t<div class=\"elementor-element elementor-element-809d724 flex-horizontal-align-default flex-horizontal-align-tablet-default flex-horizontal-align-mobile-default flex-vertical-align-default flex-vertical-align-tablet-default flex-vertical-align-mobile-default elementor-widget elementor-widget-heading\" data-id=\"809d724\" data-element_type=\"widget\" data-e-type=\"widget\" data-widget_type=\"heading.default\">\n\t\t\t\t<div class=\"elementor-widget-container\">\n\t\t\t\t\t<h2 class=\"elementor-heading-title elementor-size-default\">Processo de tratamento de superficies<\/h2>\t\t\t\t<\/div>\n\t\t\t\t<\/div>\n\t\t\t\t<div class=\"elementor-element elementor-element-3e27e49 flex-horizontal-align-default flex-horizontal-align-tablet-default flex-horizontal-align-mobile-default flex-vertical-align-default flex-vertical-align-tablet-default flex-vertical-align-mobile-default elementor-widget elementor-widget-heading\" data-id=\"3e27e49\" data-element_type=\"widget\" data-e-type=\"widget\" data-widget_type=\"heading.default\">\n\t\t\t\t<div class=\"elementor-widget-container\">\n\t\t\t\t\t<h5 class=\"elementor-heading-title elementor-size-default\">Anodiza\u00e7\u00e3o<\/h5>\t\t\t\t<\/div>\n\t\t\t\t<\/div>\n\t\t\t\t\t<\/div>\n\t\t<\/div>\n\t\t\t\t\t<\/div><\/div>\r\n\t\t<\/section>\r\n\t\t\t\t\t<\/div>\n\t\t<\/div>\n\t\t\t\t\t<\/div><\/div>\r\n\t\t<\/section>\r\n\t\t\t\t<section class=\"elementor-section elementor-top-section elementor-element elementor-element-c57b01c elementor-section-boxed elementor-section-height-default elementor-section-height-default\" data-id=\"c57b01c\" data-element_type=\"section\" data-e-type=\"section\">\r\n\t\t\t\t\t\t<div class=\"elementor-container elementor-column-gap-thegem\"><div class=\"elementor-row\">\r\n\t\t\t\t\t<div class=\"elementor-column elementor-col-100 elementor-top-column elementor-element elementor-element-d4b6051\" data-id=\"d4b6051\" data-element_type=\"column\" data-e-type=\"column\">\n\t\t\t<div class=\"elementor-widget-wrap elementor-element-populated\">\n\t\t\t\t\t\t<div class=\"elementor-element elementor-element-f26d37f flex-horizontal-align-default flex-horizontal-align-tablet-default flex-horizontal-align-mobile-default flex-vertical-align-default flex-vertical-align-tablet-default flex-vertical-align-mobile-default elementor-widget elementor-widget-text-editor\" data-id=\"f26d37f\" data-element_type=\"widget\" data-e-type=\"widget\" data-widget_type=\"text-editor.default\">\n\t\t\t\t<div class=\"elementor-widget-container\">\n\t\t\t\t\t\t\t\t\t\t\t\t<div class=\"elementor-text-editor elementor-clearfix\">\r\n\t\t\t\t\t\t<p>A anodiza\u00e7\u00e3o \u00e9 um tratamento de superf\u00edcie eletrol\u00edtico muito aceite e bem definido para produzir uma pel\u00edcula decorativa e protetiva de alta qualidade e resist\u00eancia anticorrosiva nas ligas de alum\u00ednio.<\/p><p>\u00a0<\/p><p>O processo de anodiza\u00e7\u00e3o cria um filme poroso de \u00f3xido sobre o substrato de alum\u00ednio aquando da sua imers\u00e3o num banho eletrol\u00edtico. Filme poroso que \u00e9 posteriormente colmatado (poros s\u00e3o totalmente tapados) na fase final do processo de tratamento de superf\u00edcie.<\/p><p>\u00a0<\/p><p>Esta camada de \u00f3xido criada, devidamente colmatada, cria uma fant\u00e1stica barreira \u00e0 oxida\u00e7\u00e3o (e consequentemente corros\u00e3o) do substrato de alum\u00ednio, criando uma das principais caracter\u00edsticas deste tratamento: a sua durabilidade.<\/p><p>\u00a0<\/p><p>Por causa disto, este tratamento de superf\u00edcie abrange um amplo espectro de aplica\u00e7\u00f5es, algumas das quais bastante espec\u00edficas, tais como:<\/p><ul><li>Anodiza\u00e7\u00e3o t\u00e9cnica para pe\u00e7as que est\u00e3o sujeitas ao desgaste por abras\u00e3o e como camada protetora para refletores e &#8220;capacitores eletrol\u00edticos&#8221;;<\/li><li>Anodiza\u00e7\u00e3o brilhante para frisos;<\/li><li>Anodiza\u00e7\u00e3o em cores para ornamentos e utens\u00edlios dom\u00e9sticos;<\/li><li>Anodiza\u00e7\u00e3o para fins arquitet\u00f3nicos (janelas, portas, fachadas, etc.) na constru\u00e7\u00e3o civil.<\/li><\/ul>\t\t\t\t\t\t\t<\/div>\r\n\t\t\t\t\t\t\t\t\t\t<\/div>\n\t\t\t\t<\/div>\n\t\t\t\t\t<\/div>\n\t\t<\/div>\n\t\t\t\t\t<\/div><\/div>\r\n\t\t<\/section>\r\n\t\t\t\t<section class=\"elementor-section elementor-top-section elementor-element elementor-element-9f39e31 elementor-section-boxed elementor-section-height-default elementor-section-height-default\" data-id=\"9f39e31\" data-element_type=\"section\" data-e-type=\"section\">\r\n\t\t\t\t\t\t<div class=\"elementor-container elementor-column-gap-thegem\"><div class=\"elementor-row\">\r\n\t\t\t\t\t<div class=\"elementor-column elementor-col-100 elementor-top-column elementor-element elementor-element-b60ffa1\" data-id=\"b60ffa1\" data-element_type=\"column\" data-e-type=\"column\">\n\t\t\t<div class=\"elementor-widget-wrap elementor-element-populated\">\n\t\t\t\t\t\t<div class=\"elementor-element elementor-element-a0c782c flex-horizontal-align-default flex-horizontal-align-tablet-default flex-horizontal-align-mobile-default flex-vertical-align-default flex-vertical-align-tablet-default flex-vertical-align-mobile-default elementor-widget elementor-widget-image\" data-id=\"a0c782c\" data-element_type=\"widget\" data-e-type=\"widget\" data-widget_type=\"image.default\">\n\t\t\t\t<div class=\"elementor-widget-container\">\n\t\t\t\t\t\t\t\t\t\t\t\t\t\t\t<img width=\"1200\" height=\"261\" src=\"https:\/\/apal.pt\/home\/wp-content\/uploads\/2021\/11\/anodizacao.jpg\" class=\"attachment-full size-full wp-image-26716\" alt=\"\" srcset=\"https:\/\/apal.pt\/home\/wp-content\/uploads\/2021\/11\/anodizacao.jpg 1200w, https:\/\/apal.pt\/home\/wp-content\/uploads\/2021\/11\/anodizacao-300x65.jpg 300w, https:\/\/apal.pt\/home\/wp-content\/uploads\/2021\/11\/anodizacao-1024x223.jpg 1024w, https:\/\/apal.pt\/home\/wp-content\/uploads\/2021\/11\/anodizacao-768x167.jpg 768w\" sizes=\"(max-width: 1200px) 100vw, 1200px\" \/>\t\t\t\t\t\t\t\t\t\t\t\t\t\t\t<\/div>\n\t\t\t\t<\/div>\n\t\t\t\t\t<\/div>\n\t\t<\/div>\n\t\t\t\t\t<\/div><\/div>\r\n\t\t<\/section>\r\n\t\t\t\t<\/div>\n\t\t","protected":false},"excerpt":{"rendered":"<p>Processo de tratamento de superficies Anodiza\u00e7\u00e3o A anodiza\u00e7\u00e3o \u00e9 um tratamento de superf\u00edcie eletrol\u00edtico muito aceite e bem definido para&#8230;<\/p>\n","protected":false},"author":1,"featured_media":0,"parent":26689,"menu_order":0,"comment_status":"closed","ping_status":"closed","template":"","meta":{"footnotes":""},"class_list":["post-26713","page","type-page","status-publish"],"yoast_head":"<!-- This site is optimized with the Yoast SEO plugin v27.4 - https:\/\/yoast.com\/product\/yoast-seo-wordpress\/ -->\n<title>Anodiza\u00e7\u00e3o - Apal<\/title>\n<meta name=\"robots\" content=\"index, follow, max-snippet:-1, max-image-preview:large, max-video-preview:-1\" \/>\n<link rel=\"canonical\" href=\"https:\/\/apal.pt\/home\/anodizacao\/anodizacao-2\/\" \/>\n<meta property=\"og:locale\" content=\"en_US\" \/>\n<meta property=\"og:type\" content=\"article\" \/>\n<meta property=\"og:title\" content=\"Anodiza\u00e7\u00e3o - Apal\" \/>\n<meta property=\"og:description\" content=\"Processo de tratamento de superficies Anodiza\u00e7\u00e3o A anodiza\u00e7\u00e3o \u00e9 um tratamento de superf\u00edcie eletrol\u00edtico muito aceite e bem definido para...\" \/>\n<meta property=\"og:url\" content=\"https:\/\/apal.pt\/home\/anodizacao\/anodizacao-2\/\" \/>\n<meta property=\"og:site_name\" content=\"Apal\" \/>\n<meta property=\"article:publisher\" content=\"https:\/\/www.facebook.com\/apaluminio\/?locale=pt_PT\" \/>\n<meta property=\"article:modified_time\" content=\"2021-12-07T13:12:31+00:00\" \/>\n<meta property=\"og:image\" content=\"http:\/\/apal.pt\/home\/wp-content\/uploads\/2021\/11\/anodizacao.jpg\" \/>\n<meta name=\"twitter:card\" content=\"summary_large_image\" \/>\n<meta name=\"twitter:label1\" content=\"Est. reading time\" \/>\n\t<meta name=\"twitter:data1\" content=\"1 minute\" \/>\n<script type=\"application\/ld+json\" class=\"yoast-schema-graph\">{\"@context\":\"https:\\\/\\\/schema.org\",\"@graph\":[{\"@type\":\"WebPage\",\"@id\":\"https:\\\/\\\/apal.pt\\\/home\\\/anodizacao\\\/anodizacao-2\\\/\",\"url\":\"https:\\\/\\\/apal.pt\\\/home\\\/anodizacao\\\/anodizacao-2\\\/\",\"name\":\"Anodiza\u00e7\u00e3o - Apal\",\"isPartOf\":{\"@id\":\"https:\\\/\\\/apal.pt\\\/home\\\/#website\"},\"primaryImageOfPage\":{\"@id\":\"https:\\\/\\\/apal.pt\\\/home\\\/anodizacao\\\/anodizacao-2\\\/#primaryimage\"},\"image\":{\"@id\":\"https:\\\/\\\/apal.pt\\\/home\\\/anodizacao\\\/anodizacao-2\\\/#primaryimage\"},\"thumbnailUrl\":\"http:\\\/\\\/apal.pt\\\/home\\\/wp-content\\\/uploads\\\/2021\\\/11\\\/anodizacao.jpg\",\"datePublished\":\"2021-11-04T13:18:48+00:00\",\"dateModified\":\"2021-12-07T13:12:31+00:00\",\"breadcrumb\":{\"@id\":\"https:\\\/\\\/apal.pt\\\/home\\\/anodizacao\\\/anodizacao-2\\\/#breadcrumb\"},\"inLanguage\":\"en-US\",\"potentialAction\":[{\"@type\":\"ReadAction\",\"target\":[\"https:\\\/\\\/apal.pt\\\/home\\\/anodizacao\\\/anodizacao-2\\\/\"]}]},{\"@type\":\"ImageObject\",\"inLanguage\":\"en-US\",\"@id\":\"https:\\\/\\\/apal.pt\\\/home\\\/anodizacao\\\/anodizacao-2\\\/#primaryimage\",\"url\":\"http:\\\/\\\/apal.pt\\\/home\\\/wp-content\\\/uploads\\\/2021\\\/11\\\/anodizacao.jpg\",\"contentUrl\":\"http:\\\/\\\/apal.pt\\\/home\\\/wp-content\\\/uploads\\\/2021\\\/11\\\/anodizacao.jpg\"},{\"@type\":\"BreadcrumbList\",\"@id\":\"https:\\\/\\\/apal.pt\\\/home\\\/anodizacao\\\/anodizacao-2\\\/#breadcrumb\",\"itemListElement\":[{\"@type\":\"ListItem\",\"position\":1,\"name\":\"Home\",\"item\":\"https:\\\/\\\/apal.pt\\\/home\\\/\"},{\"@type\":\"ListItem\",\"position\":2,\"name\":\"Os Processos\",\"item\":\"https:\\\/\\\/apal.pt\\\/home\\\/anodizacao\\\/\"},{\"@type\":\"ListItem\",\"position\":3,\"name\":\"Anodiza\u00e7\u00e3o\"}]},{\"@type\":\"WebSite\",\"@id\":\"https:\\\/\\\/apal.pt\\\/home\\\/#website\",\"url\":\"https:\\\/\\\/apal.pt\\\/home\\\/\",\"name\":\"Apal\",\"description\":\"Associa\u00e7\u00e3o Portuguesa do Alum\u00ednio\",\"publisher\":{\"@id\":\"https:\\\/\\\/apal.pt\\\/home\\\/#organization\"},\"potentialAction\":[{\"@type\":\"SearchAction\",\"target\":{\"@type\":\"EntryPoint\",\"urlTemplate\":\"https:\\\/\\\/apal.pt\\\/home\\\/?s={search_term_string}\"},\"query-input\":{\"@type\":\"PropertyValueSpecification\",\"valueRequired\":true,\"valueName\":\"search_term_string\"}}],\"inLanguage\":\"en-US\"},{\"@type\":\"Organization\",\"@id\":\"https:\\\/\\\/apal.pt\\\/home\\\/#organization\",\"name\":\"Apal - Associa\u00e7\u00e3o Portuguesa do Alum\u00ednio\",\"url\":\"https:\\\/\\\/apal.pt\\\/home\\\/\",\"logo\":{\"@type\":\"ImageObject\",\"inLanguage\":\"en-US\",\"@id\":\"https:\\\/\\\/apal.pt\\\/home\\\/#\\\/schema\\\/logo\\\/image\\\/\",\"url\":\"https:\\\/\\\/apal.pt\\\/home\\\/wp-content\\\/uploads\\\/2021\\\/10\\\/Apal_final_black.png\",\"contentUrl\":\"https:\\\/\\\/apal.pt\\\/home\\\/wp-content\\\/uploads\\\/2021\\\/10\\\/Apal_final_black.png\",\"width\":2048,\"height\":1119,\"caption\":\"Apal - Associa\u00e7\u00e3o Portuguesa do Alum\u00ednio\"},\"image\":{\"@id\":\"https:\\\/\\\/apal.pt\\\/home\\\/#\\\/schema\\\/logo\\\/image\\\/\"},\"sameAs\":[\"https:\\\/\\\/www.facebook.com\\\/apaluminio\\\/?locale=pt_PT\"]}]}<\/script>\n<!-- \/ Yoast SEO plugin. -->","yoast_head_json":{"title":"Anodiza\u00e7\u00e3o - Apal","robots":{"index":"index","follow":"follow","max-snippet":"max-snippet:-1","max-image-preview":"max-image-preview:large","max-video-preview":"max-video-preview:-1"},"canonical":"https:\/\/apal.pt\/home\/anodizacao\/anodizacao-2\/","og_locale":"en_US","og_type":"article","og_title":"Anodiza\u00e7\u00e3o - Apal","og_description":"Processo de tratamento de superficies Anodiza\u00e7\u00e3o A anodiza\u00e7\u00e3o \u00e9 um tratamento de superf\u00edcie eletrol\u00edtico muito aceite e bem definido para...","og_url":"https:\/\/apal.pt\/home\/anodizacao\/anodizacao-2\/","og_site_name":"Apal","article_publisher":"https:\/\/www.facebook.com\/apaluminio\/?locale=pt_PT","article_modified_time":"2021-12-07T13:12:31+00:00","og_image":[{"url":"http:\/\/apal.pt\/home\/wp-content\/uploads\/2021\/11\/anodizacao.jpg","type":"","width":"","height":""}],"twitter_card":"summary_large_image","twitter_misc":{"Est. reading time":"1 minute"},"schema":{"@context":"https:\/\/schema.org","@graph":[{"@type":"WebPage","@id":"https:\/\/apal.pt\/home\/anodizacao\/anodizacao-2\/","url":"https:\/\/apal.pt\/home\/anodizacao\/anodizacao-2\/","name":"Anodiza\u00e7\u00e3o - Apal","isPartOf":{"@id":"https:\/\/apal.pt\/home\/#website"},"primaryImageOfPage":{"@id":"https:\/\/apal.pt\/home\/anodizacao\/anodizacao-2\/#primaryimage"},"image":{"@id":"https:\/\/apal.pt\/home\/anodizacao\/anodizacao-2\/#primaryimage"},"thumbnailUrl":"http:\/\/apal.pt\/home\/wp-content\/uploads\/2021\/11\/anodizacao.jpg","datePublished":"2021-11-04T13:18:48+00:00","dateModified":"2021-12-07T13:12:31+00:00","breadcrumb":{"@id":"https:\/\/apal.pt\/home\/anodizacao\/anodizacao-2\/#breadcrumb"},"inLanguage":"en-US","potentialAction":[{"@type":"ReadAction","target":["https:\/\/apal.pt\/home\/anodizacao\/anodizacao-2\/"]}]},{"@type":"ImageObject","inLanguage":"en-US","@id":"https:\/\/apal.pt\/home\/anodizacao\/anodizacao-2\/#primaryimage","url":"http:\/\/apal.pt\/home\/wp-content\/uploads\/2021\/11\/anodizacao.jpg","contentUrl":"http:\/\/apal.pt\/home\/wp-content\/uploads\/2021\/11\/anodizacao.jpg"},{"@type":"BreadcrumbList","@id":"https:\/\/apal.pt\/home\/anodizacao\/anodizacao-2\/#breadcrumb","itemListElement":[{"@type":"ListItem","position":1,"name":"Home","item":"https:\/\/apal.pt\/home\/"},{"@type":"ListItem","position":2,"name":"Os Processos","item":"https:\/\/apal.pt\/home\/anodizacao\/"},{"@type":"ListItem","position":3,"name":"Anodiza\u00e7\u00e3o"}]},{"@type":"WebSite","@id":"https:\/\/apal.pt\/home\/#website","url":"https:\/\/apal.pt\/home\/","name":"Apal","description":"Associa\u00e7\u00e3o Portuguesa do Alum\u00ednio","publisher":{"@id":"https:\/\/apal.pt\/home\/#organization"},"potentialAction":[{"@type":"SearchAction","target":{"@type":"EntryPoint","urlTemplate":"https:\/\/apal.pt\/home\/?s={search_term_string}"},"query-input":{"@type":"PropertyValueSpecification","valueRequired":true,"valueName":"search_term_string"}}],"inLanguage":"en-US"},{"@type":"Organization","@id":"https:\/\/apal.pt\/home\/#organization","name":"Apal - Associa\u00e7\u00e3o Portuguesa do Alum\u00ednio","url":"https:\/\/apal.pt\/home\/","logo":{"@type":"ImageObject","inLanguage":"en-US","@id":"https:\/\/apal.pt\/home\/#\/schema\/logo\/image\/","url":"https:\/\/apal.pt\/home\/wp-content\/uploads\/2021\/10\/Apal_final_black.png","contentUrl":"https:\/\/apal.pt\/home\/wp-content\/uploads\/2021\/10\/Apal_final_black.png","width":2048,"height":1119,"caption":"Apal - Associa\u00e7\u00e3o Portuguesa do Alum\u00ednio"},"image":{"@id":"https:\/\/apal.pt\/home\/#\/schema\/logo\/image\/"},"sameAs":["https:\/\/www.facebook.com\/apaluminio\/?locale=pt_PT"]}]}},"_links":{"self":[{"href":"https:\/\/apal.pt\/home\/wp-json\/wp\/v2\/pages\/26713","targetHints":{"allow":["GET"]}}],"collection":[{"href":"https:\/\/apal.pt\/home\/wp-json\/wp\/v2\/pages"}],"about":[{"href":"https:\/\/apal.pt\/home\/wp-json\/wp\/v2\/types\/page"}],"author":[{"embeddable":true,"href":"https:\/\/apal.pt\/home\/wp-json\/wp\/v2\/users\/1"}],"replies":[{"embeddable":true,"href":"https:\/\/apal.pt\/home\/wp-json\/wp\/v2\/comments?post=26713"}],"version-history":[{"count":0,"href":"https:\/\/apal.pt\/home\/wp-json\/wp\/v2\/pages\/26713\/revisions"}],"up":[{"embeddable":true,"href":"https:\/\/apal.pt\/home\/wp-json\/wp\/v2\/pages\/26689"}],"wp:attachment":[{"href":"https:\/\/apal.pt\/home\/wp-json\/wp\/v2\/media?parent=26713"}],"curies":[{"name":"wp","href":"https:\/\/api.w.org\/{rel}","templated":true}]}}