{"id":27048,"date":"2021-12-07T01:02:05","date_gmt":"2021-12-07T01:02:05","guid":{"rendered":"http:\/\/apal.pt\/home\/?page_id=27048"},"modified":"2021-12-07T13:05:18","modified_gmt":"2021-12-07T13:05:18","slug":"documentacao","status":"publish","type":"page","link":"https:\/\/apal.pt\/home\/homepage-business-multipurpose\/documentacao\/","title":{"rendered":"Documenta\u00e7\u00e3o"},"content":{"rendered":"\t\t<div data-elementor-type=\"wp-page\" data-elementor-id=\"27048\" class=\"elementor elementor-27048\" data-elementor-post-type=\"page\">\n\t\t\t\t\t\t<section class=\"elementor-section elementor-top-section elementor-element elementor-element-39b90e18 elementor-section-full_width elementor-section-height-default elementor-section-height-default\" data-id=\"39b90e18\" data-element_type=\"section\" data-e-type=\"section\">\r\n\t\t\t\t\t\t<div class=\"elementor-container elementor-column-gap-no\"><div class=\"elementor-row\">\r\n\t\t\t\t\t<div class=\"elementor-column elementor-col-100 elementor-top-column elementor-element elementor-element-696b6db9\" data-id=\"696b6db9\" data-element_type=\"column\" data-e-type=\"column\">\n\t\t\t<div class=\"elementor-widget-wrap elementor-element-populated\">\n\t\t\t\t\t\t<section class=\"elementor-section elementor-inner-section elementor-element elementor-element-e188c0e elementor-section-boxed elementor-section-height-default elementor-section-height-default\" data-id=\"e188c0e\" data-element_type=\"section\" data-e-type=\"section\" data-settings=\"{&quot;thegem_parallax_activate&quot;:&quot;yes&quot;,&quot;background_background&quot;:&quot;classic&quot;,&quot;thegem_parallax_type&quot;:&quot;vertical&quot;}\">\r\n\t\t\t\t\t\t\t<div class=\"elementor-background-overlay\"><\/div>\r\n\t\t\t\t\t\t\t<div class=\"elementor-container elementor-column-gap-thegem\"><div class=\"elementor-row\">\r\n\t\t\t\t\t<div class=\"elementor-column elementor-col-100 elementor-inner-column elementor-element elementor-element-24015592\" data-id=\"24015592\" data-element_type=\"column\" data-e-type=\"column\" data-settings=\"{&quot;background_background&quot;:&quot;classic&quot;}\">\n\t\t\t<div class=\"elementor-widget-wrap elementor-element-populated\">\n\t\t\t\t\t\t<div class=\"elementor-element elementor-element-7508c9bd flex-horizontal-align-default flex-horizontal-align-tablet-default flex-horizontal-align-mobile-default flex-vertical-align-default flex-vertical-align-tablet-default flex-vertical-align-mobile-default elementor-widget elementor-widget-heading\" data-id=\"7508c9bd\" data-element_type=\"widget\" data-e-type=\"widget\" data-widget_type=\"heading.default\">\n\t\t\t\t<div class=\"elementor-widget-container\">\n\t\t\t\t\t<div class=\"title-h2 elementor-heading-title elementor-size-default\">Documenta\u00e7\u00e3o<\/div>\t\t\t\t<\/div>\n\t\t\t\t<\/div>\n\t\t\t\t\t<\/div>\n\t\t<\/div>\n\t\t\t\t\t<\/div><\/div>\r\n\t\t<\/section>\r\n\t\t\t\t<section class=\"elementor-section elementor-inner-section elementor-element elementor-element-2cda4bca elementor-section-boxed elementor-section-height-default elementor-section-height-default\" data-id=\"2cda4bca\" data-element_type=\"section\" data-e-type=\"section\">\r\n\t\t\t\t\t\t<div class=\"elementor-container elementor-column-gap-thegem\"><div class=\"elementor-row\">\r\n\t\t\t\t\t<div class=\"elementor-column elementor-col-33 elementor-inner-column elementor-element elementor-element-35a61a39\" data-id=\"35a61a39\" data-element_type=\"column\" data-e-type=\"column\">\n\t\t\t<div class=\"elementor-widget-wrap elementor-element-populated\">\n\t\t\t\t\t\t<div class=\"elementor-element elementor-element-52b52a65 flex-horizontal-align-default flex-horizontal-align-tablet-default flex-horizontal-align-mobile-default flex-vertical-align-default flex-vertical-align-tablet-default flex-vertical-align-mobile-default elementor-widget elementor-widget-thegem-pricing-table\" data-id=\"52b52a65\" data-element_type=\"widget\" data-e-type=\"widget\" data-settings=\"{&quot;thegem_elementor_preset&quot;:&quot;2&quot;,&quot;content_header_title&quot;:&quot;Orgalime Guide        &quot;,&quot;content_header_show&quot;:&quot;yes&quot;,&quot;content_features_show&quot;:&quot;yes&quot;,&quot;content_footer_show&quot;:&quot;yes&quot;}\" data-widget_type=\"thegem-pricing-table.default\">\n\t\t\t\t<div class=\"elementor-widget-container\">\n\t\t\t\t\t\n<div class=\"pricing-table pricing-table-style-2 button-icon-default\">\n\t\t<div class=\"pricing-column-wrapper \">\n\t\t\t\n\t\t\t\n\t\t\t<div class=\"pricing-column\">\n\t\t\t\t\t\t\t<div class=\"pricing-price-row\">\n\n\t\t\t\t\t\t\t\t\t<div class=\"pricing-price-title-wrapper\">\n\t\t\t\t\t\t\t\t\t\t\t\t\t<div class=\"pricing-price-title\"><span >Orgalime Guide        <\/span><\/div>\t\t\t\t\t\t\t\t\t\t\t\t\t\t\t\t\t<\/div>\n\t\t\t\t\n\t\t\t\t\t\t\t\t<\/div>\n\t\t\t\t\t\t\t\t\n\t\t\t\t\t\t\t\t\t<div>\n\t\t\t\t\t\t\t\t\t\t\t\t\t\t\t<figure class=\"pricing-row features-align-center\">\n\t\t\t\t\t\t\t\t\t\t\t\t<span >\n\t\t\t\t\t\t\tREACH - May 07 (PDF - 257 kb)\t\t\t\t\t\t<\/span>\n\t\t\t\t\t<\/figure>\n\t\t\t\t\t\t\t\t\t\t\t\t\t<\/div>\n\t\t\t\t\t\t\t\t\n\t\t\t\t\t\t\t\t<div class=\"pricing-footer\">\n\t\t\t\t\t<div class=\"gem-button-container gem-button-position-center footer-align-center\">\n\t\t\t\t\t\t<a class=\"gem-button gem-button-text-weight-normal  gem-button-border-2  gem-button-icon-position-left \t\t\t\t\t\t gem-button-style-outline  gem-button-size-small \" \n\t\t\t\t\t\thref=\"http:\/\/apal.pt\/pdf\/OrgalimeGuideMay07.pdf\"\t\t\t\t\t\t>\n\n\t\t\t\t\t\t\t\t\t\t<i aria-hidden=\"true\" class=\"gem-elegant arrow-triangle-right\"><\/i>\t\t\t\t\t<span >Download<\/span>\n\t\t\t\t\t<\/a>\n\t\t\t\t\t<\/div>\n\t\t\t\t<\/div>\n\t\t\t\t\t\t\t<\/div>\n\t\t<\/div>\n\t<\/div>\t\t\t\t<\/div>\n\t\t\t\t<\/div>\n\t\t\t\t\t<\/div>\n\t\t<\/div>\n\t\t\t\t<div class=\"elementor-column elementor-col-33 elementor-inner-column elementor-element elementor-element-29973df5\" data-id=\"29973df5\" data-element_type=\"column\" data-e-type=\"column\">\n\t\t\t<div class=\"elementor-widget-wrap elementor-element-populated\">\n\t\t\t\t\t\t<div class=\"elementor-element elementor-element-4e352c88 flex-horizontal-align-default flex-horizontal-align-tablet-default flex-horizontal-align-mobile-default flex-vertical-align-default flex-vertical-align-tablet-default flex-vertical-align-mobile-default elementor-widget elementor-widget-thegem-pricing-table\" data-id=\"4e352c88\" data-element_type=\"widget\" data-e-type=\"widget\" data-settings=\"{&quot;thegem_elementor_preset&quot;:&quot;2&quot;,&quot;content_header_title&quot;:&quot;Orgalime Info&quot;,&quot;content_header_show&quot;:&quot;yes&quot;,&quot;content_features_show&quot;:&quot;yes&quot;,&quot;content_footer_show&quot;:&quot;yes&quot;}\" data-widget_type=\"thegem-pricing-table.default\">\n\t\t\t\t<div class=\"elementor-widget-container\">\n\t\t\t\t\t\n<div class=\"pricing-table pricing-table-style-2 button-icon-default\">\n\t\t<div class=\"pricing-column-wrapper \">\n\t\t\t\n\t\t\t\n\t\t\t<div class=\"pricing-column\">\n\t\t\t\t\t\t\t<div class=\"pricing-price-row\">\n\n\t\t\t\t\t\t\t\t\t<div class=\"pricing-price-title-wrapper\">\n\t\t\t\t\t\t\t\t\t\t\t\t\t<div class=\"pricing-price-title\"><span >Orgalime Info<\/span><\/div>\t\t\t\t\t\t\t\t\t\t\t\t\t\t\t\t\t<\/div>\n\t\t\t\t\n\t\t\t\t\t\t\t\t<\/div>\n\t\t\t\t\t\t\t\t\n\t\t\t\t\t\t\t\t\t<div>\n\t\t\t\t\t\t\t\t\t\t\t\t\t\t\t<figure class=\"pricing-row features-align-center\">\n\t\t\t\t\t\t\t\t\t\t\t\t<span >\n\t\t\t\t\t\t\tInfo Bulletin n\u00ba 2 - April 07 (PDF - 86 kb)\t\t\t\t\t\t<\/span>\n\t\t\t\t\t<\/figure>\n\t\t\t\t\t\t\t\t\t\t\t\t\t<\/div>\n\t\t\t\t\t\t\t\t\n\t\t\t\t\t\t\t\t<div class=\"pricing-footer\">\n\t\t\t\t\t<div class=\"gem-button-container gem-button-position-center footer-align-center\">\n\t\t\t\t\t\t<a class=\"gem-button gem-button-text-weight-normal  gem-button-border-2  gem-button-icon-position-left \t\t\t\t\t\t gem-button-style-outline  gem-button-size-small \" \n\t\t\t\t\t\thref=\"http:\/\/apal.pt\/pdf\/Orgalimen2April07.pdf\"\t\t\t\t\t\t>\n\n\t\t\t\t\t\t\t\t\t\t<i aria-hidden=\"true\" class=\"gem-elegant arrow-triangle-right\"><\/i>\t\t\t\t\t<span >download<\/span>\n\t\t\t\t\t<\/a>\n\t\t\t\t\t<\/div>\n\t\t\t\t<\/div>\n\t\t\t\t\t\t\t<\/div>\n\t\t<\/div>\n\t<\/div>\t\t\t\t<\/div>\n\t\t\t\t<\/div>\n\t\t\t\t\t<\/div>\n\t\t<\/div>\n\t\t\t\t<div class=\"elementor-column elementor-col-33 elementor-inner-column elementor-element elementor-element-af894b9\" data-id=\"af894b9\" data-element_type=\"column\" data-e-type=\"column\">\n\t\t\t<div class=\"elementor-widget-wrap elementor-element-populated\">\n\t\t\t\t\t\t<div class=\"elementor-element elementor-element-71f4d6a6 flex-horizontal-align-default flex-horizontal-align-tablet-default flex-horizontal-align-mobile-default flex-vertical-align-default flex-vertical-align-tablet-default flex-vertical-align-mobile-default elementor-widget elementor-widget-thegem-pricing-table\" data-id=\"71f4d6a6\" data-element_type=\"widget\" data-e-type=\"widget\" data-settings=\"{&quot;thegem_elementor_preset&quot;:&quot;2&quot;,&quot;content_header_title&quot;:&quot;Orgalime Legis&quot;,&quot;content_header_show&quot;:&quot;yes&quot;,&quot;content_features_show&quot;:&quot;yes&quot;,&quot;content_footer_show&quot;:&quot;yes&quot;}\" data-widget_type=\"thegem-pricing-table.default\">\n\t\t\t\t<div class=\"elementor-widget-container\">\n\t\t\t\t\t\n<div class=\"pricing-table pricing-table-style-2 button-icon-default\">\n\t\t<div class=\"pricing-column-wrapper \">\n\t\t\t\n\t\t\t\n\t\t\t<div class=\"pricing-column\">\n\t\t\t\t\t\t\t<div class=\"pricing-price-row\">\n\n\t\t\t\t\t\t\t\t\t<div class=\"pricing-price-title-wrapper\">\n\t\t\t\t\t\t\t\t\t\t\t\t\t<div class=\"pricing-price-title\"><span >Orgalime Legis<\/span><\/div>\t\t\t\t\t\t\t\t\t\t\t\t\t\t\t\t\t<\/div>\n\t\t\t\t\n\t\t\t\t\t\t\t\t<\/div>\n\t\t\t\t\t\t\t\t\n\t\t\t\t\t\t\t\t\t<div>\n\t\t\t\t\t\t\t\t\t\t\t\t\t\t\t<figure class=\"pricing-row features-align-center\">\n\t\t\t\t\t\t\t\t\t\t\t\t<span >\n\t\t\t\t\t\t\tLegislative Update - April 07 (PDF - 32 kb)\t\t\t\t\t\t<\/span>\n\t\t\t\t\t<\/figure>\n\t\t\t\t\t\t\t\t\t\t\t\t\t<\/div>\n\t\t\t\t\t\t\t\t\n\t\t\t\t\t\t\t\t<div class=\"pricing-footer\">\n\t\t\t\t\t<div class=\"gem-button-container gem-button-position-center footer-align-center\">\n\t\t\t\t\t\t<a class=\"gem-button gem-button-text-weight-normal  gem-button-border-2  gem-button-icon-position-left \t\t\t\t\t\t gem-button-style-outline  gem-button-size-small \" \n\t\t\t\t\t\thref=\"http:\/\/apal.pt\/pdf\/OrgalimeLegislativeApril07.pdf\"\t\t\t\t\t\t>\n\n\t\t\t\t\t\t\t\t\t\t<i aria-hidden=\"true\" class=\"gem-elegant arrow-triangle-right\"><\/i>\t\t\t\t\t<span >Download<\/span>\n\t\t\t\t\t<\/a>\n\t\t\t\t\t<\/div>\n\t\t\t\t<\/div>\n\t\t\t\t\t\t\t<\/div>\n\t\t<\/div>\n\t<\/div>\t\t\t\t<\/div>\n\t\t\t\t<\/div>\n\t\t\t\t\t<\/div>\n\t\t<\/div>\n\t\t\t\t\t<\/div><\/div>\r\n\t\t<\/section>\r\n\t\t\t\t\t<\/div>\n\t\t<\/div>\n\t\t\t\t\t<\/div><\/div>\r\n\t\t<\/section>\r\n\t\t\t\t<\/div>\n\t\t","protected":false},"excerpt":{"rendered":"<p>Documenta\u00e7\u00e3o Orgalime Guide REACH &#8211; May 07 (PDF &#8211; 257 kb) Download Orgalime Info Info Bulletin n\u00ba 2 &#8211; April&#8230;<\/p>\n","protected":false},"author":1,"featured_media":0,"parent":8930,"menu_order":0,"comment_status":"closed","ping_status":"closed","template":"page-fullwidth.php","meta":{"footnotes":""},"class_list":["post-27048","page","type-page","status-publish"],"yoast_head":"<!-- This site is optimized with the Yoast SEO plugin v27.4 - https:\/\/yoast.com\/product\/yoast-seo-wordpress\/ -->\n<title>Documenta\u00e7\u00e3o - Apal<\/title>\n<meta name=\"robots\" content=\"index, follow, max-snippet:-1, max-image-preview:large, max-video-preview:-1\" \/>\n<link rel=\"canonical\" href=\"https:\/\/apal.pt\/home\/homepage-business-multipurpose\/documentacao\/\" \/>\n<meta property=\"og:locale\" content=\"en_US\" \/>\n<meta property=\"og:type\" content=\"article\" \/>\n<meta property=\"og:title\" content=\"Documenta\u00e7\u00e3o - Apal\" \/>\n<meta property=\"og:description\" content=\"Documenta\u00e7\u00e3o Orgalime Guide REACH &#8211; May 07 (PDF &#8211; 257 kb) Download Orgalime Info Info Bulletin n\u00ba 2 &#8211; April...\" \/>\n<meta property=\"og:url\" content=\"https:\/\/apal.pt\/home\/homepage-business-multipurpose\/documentacao\/\" \/>\n<meta property=\"og:site_name\" content=\"Apal\" \/>\n<meta property=\"article:publisher\" content=\"https:\/\/www.facebook.com\/apaluminio\/?locale=pt_PT\" \/>\n<meta property=\"article:modified_time\" content=\"2021-12-07T13:05:18+00:00\" \/>\n<meta property=\"og:image\" content=\"https:\/\/apal.pt\/home\/wp-content\/uploads\/2021\/11\/ApalAzul.png\" \/>\n\t<meta property=\"og:image:width\" content=\"922\" \/>\n\t<meta property=\"og:image:height\" content=\"497\" \/>\n\t<meta property=\"og:image:type\" content=\"image\/png\" \/>\n<meta name=\"twitter:card\" content=\"summary_large_image\" \/>\n<script type=\"application\/ld+json\" class=\"yoast-schema-graph\">{\"@context\":\"https:\\\/\\\/schema.org\",\"@graph\":[{\"@type\":\"WebPage\",\"@id\":\"https:\\\/\\\/apal.pt\\\/home\\\/homepage-business-multipurpose\\\/documentacao\\\/\",\"url\":\"https:\\\/\\\/apal.pt\\\/home\\\/homepage-business-multipurpose\\\/documentacao\\\/\",\"name\":\"Documenta\u00e7\u00e3o - Apal\",\"isPartOf\":{\"@id\":\"https:\\\/\\\/apal.pt\\\/home\\\/#website\"},\"datePublished\":\"2021-12-07T01:02:05+00:00\",\"dateModified\":\"2021-12-07T13:05:18+00:00\",\"breadcrumb\":{\"@id\":\"https:\\\/\\\/apal.pt\\\/home\\\/homepage-business-multipurpose\\\/documentacao\\\/#breadcrumb\"},\"inLanguage\":\"en-US\",\"potentialAction\":[{\"@type\":\"ReadAction\",\"target\":[\"https:\\\/\\\/apal.pt\\\/home\\\/homepage-business-multipurpose\\\/documentacao\\\/\"]}]},{\"@type\":\"BreadcrumbList\",\"@id\":\"https:\\\/\\\/apal.pt\\\/home\\\/homepage-business-multipurpose\\\/documentacao\\\/#breadcrumb\",\"itemListElement\":[{\"@type\":\"ListItem\",\"position\":1,\"name\":\"Home\",\"item\":\"https:\\\/\\\/apal.pt\\\/home\\\/\"},{\"@type\":\"ListItem\",\"position\":2,\"name\":\"In\u00edcio\",\"item\":\"https:\\\/\\\/apal.pt\\\/home\\\/\"},{\"@type\":\"ListItem\",\"position\":3,\"name\":\"Documenta\u00e7\u00e3o\"}]},{\"@type\":\"WebSite\",\"@id\":\"https:\\\/\\\/apal.pt\\\/home\\\/#website\",\"url\":\"https:\\\/\\\/apal.pt\\\/home\\\/\",\"name\":\"Apal\",\"description\":\"Associa\u00e7\u00e3o Portuguesa do Alum\u00ednio\",\"publisher\":{\"@id\":\"https:\\\/\\\/apal.pt\\\/home\\\/#organization\"},\"potentialAction\":[{\"@type\":\"SearchAction\",\"target\":{\"@type\":\"EntryPoint\",\"urlTemplate\":\"https:\\\/\\\/apal.pt\\\/home\\\/?s={search_term_string}\"},\"query-input\":{\"@type\":\"PropertyValueSpecification\",\"valueRequired\":true,\"valueName\":\"search_term_string\"}}],\"inLanguage\":\"en-US\"},{\"@type\":\"Organization\",\"@id\":\"https:\\\/\\\/apal.pt\\\/home\\\/#organization\",\"name\":\"Apal - Associa\u00e7\u00e3o Portuguesa do Alum\u00ednio\",\"url\":\"https:\\\/\\\/apal.pt\\\/home\\\/\",\"logo\":{\"@type\":\"ImageObject\",\"inLanguage\":\"en-US\",\"@id\":\"https:\\\/\\\/apal.pt\\\/home\\\/#\\\/schema\\\/logo\\\/image\\\/\",\"url\":\"https:\\\/\\\/apal.pt\\\/home\\\/wp-content\\\/uploads\\\/2021\\\/10\\\/Apal_final_black.png\",\"contentUrl\":\"https:\\\/\\\/apal.pt\\\/home\\\/wp-content\\\/uploads\\\/2021\\\/10\\\/Apal_final_black.png\",\"width\":2048,\"height\":1119,\"caption\":\"Apal - Associa\u00e7\u00e3o Portuguesa do Alum\u00ednio\"},\"image\":{\"@id\":\"https:\\\/\\\/apal.pt\\\/home\\\/#\\\/schema\\\/logo\\\/image\\\/\"},\"sameAs\":[\"https:\\\/\\\/www.facebook.com\\\/apaluminio\\\/?locale=pt_PT\"]}]}<\/script>\n<!-- \/ Yoast SEO plugin. -->","yoast_head_json":{"title":"Documenta\u00e7\u00e3o - Apal","robots":{"index":"index","follow":"follow","max-snippet":"max-snippet:-1","max-image-preview":"max-image-preview:large","max-video-preview":"max-video-preview:-1"},"canonical":"https:\/\/apal.pt\/home\/homepage-business-multipurpose\/documentacao\/","og_locale":"en_US","og_type":"article","og_title":"Documenta\u00e7\u00e3o - Apal","og_description":"Documenta\u00e7\u00e3o Orgalime Guide REACH &#8211; May 07 (PDF &#8211; 257 kb) Download Orgalime Info Info Bulletin n\u00ba 2 &#8211; April...","og_url":"https:\/\/apal.pt\/home\/homepage-business-multipurpose\/documentacao\/","og_site_name":"Apal","article_publisher":"https:\/\/www.facebook.com\/apaluminio\/?locale=pt_PT","article_modified_time":"2021-12-07T13:05:18+00:00","og_image":[{"width":922,"height":497,"url":"https:\/\/apal.pt\/home\/wp-content\/uploads\/2021\/11\/ApalAzul.png","type":"image\/png"}],"twitter_card":"summary_large_image","schema":{"@context":"https:\/\/schema.org","@graph":[{"@type":"WebPage","@id":"https:\/\/apal.pt\/home\/homepage-business-multipurpose\/documentacao\/","url":"https:\/\/apal.pt\/home\/homepage-business-multipurpose\/documentacao\/","name":"Documenta\u00e7\u00e3o - Apal","isPartOf":{"@id":"https:\/\/apal.pt\/home\/#website"},"datePublished":"2021-12-07T01:02:05+00:00","dateModified":"2021-12-07T13:05:18+00:00","breadcrumb":{"@id":"https:\/\/apal.pt\/home\/homepage-business-multipurpose\/documentacao\/#breadcrumb"},"inLanguage":"en-US","potentialAction":[{"@type":"ReadAction","target":["https:\/\/apal.pt\/home\/homepage-business-multipurpose\/documentacao\/"]}]},{"@type":"BreadcrumbList","@id":"https:\/\/apal.pt\/home\/homepage-business-multipurpose\/documentacao\/#breadcrumb","itemListElement":[{"@type":"ListItem","position":1,"name":"Home","item":"https:\/\/apal.pt\/home\/"},{"@type":"ListItem","position":2,"name":"In\u00edcio","item":"https:\/\/apal.pt\/home\/"},{"@type":"ListItem","position":3,"name":"Documenta\u00e7\u00e3o"}]},{"@type":"WebSite","@id":"https:\/\/apal.pt\/home\/#website","url":"https:\/\/apal.pt\/home\/","name":"Apal","description":"Associa\u00e7\u00e3o Portuguesa do Alum\u00ednio","publisher":{"@id":"https:\/\/apal.pt\/home\/#organization"},"potentialAction":[{"@type":"SearchAction","target":{"@type":"EntryPoint","urlTemplate":"https:\/\/apal.pt\/home\/?s={search_term_string}"},"query-input":{"@type":"PropertyValueSpecification","valueRequired":true,"valueName":"search_term_string"}}],"inLanguage":"en-US"},{"@type":"Organization","@id":"https:\/\/apal.pt\/home\/#organization","name":"Apal - Associa\u00e7\u00e3o Portuguesa do Alum\u00ednio","url":"https:\/\/apal.pt\/home\/","logo":{"@type":"ImageObject","inLanguage":"en-US","@id":"https:\/\/apal.pt\/home\/#\/schema\/logo\/image\/","url":"https:\/\/apal.pt\/home\/wp-content\/uploads\/2021\/10\/Apal_final_black.png","contentUrl":"https:\/\/apal.pt\/home\/wp-content\/uploads\/2021\/10\/Apal_final_black.png","width":2048,"height":1119,"caption":"Apal - Associa\u00e7\u00e3o Portuguesa do Alum\u00ednio"},"image":{"@id":"https:\/\/apal.pt\/home\/#\/schema\/logo\/image\/"},"sameAs":["https:\/\/www.facebook.com\/apaluminio\/?locale=pt_PT"]}]}},"_links":{"self":[{"href":"https:\/\/apal.pt\/home\/wp-json\/wp\/v2\/pages\/27048","targetHints":{"allow":["GET"]}}],"collection":[{"href":"https:\/\/apal.pt\/home\/wp-json\/wp\/v2\/pages"}],"about":[{"href":"https:\/\/apal.pt\/home\/wp-json\/wp\/v2\/types\/page"}],"author":[{"embeddable":true,"href":"https:\/\/apal.pt\/home\/wp-json\/wp\/v2\/users\/1"}],"replies":[{"embeddable":true,"href":"https:\/\/apal.pt\/home\/wp-json\/wp\/v2\/comments?post=27048"}],"version-history":[{"count":0,"href":"https:\/\/apal.pt\/home\/wp-json\/wp\/v2\/pages\/27048\/revisions"}],"up":[{"embeddable":true,"href":"https:\/\/apal.pt\/home\/wp-json\/wp\/v2\/pages\/8930"}],"wp:attachment":[{"href":"https:\/\/apal.pt\/home\/wp-json\/wp\/v2\/media?parent=27048"}],"curies":[{"name":"wp","href":"https:\/\/api.w.org\/{rel}","templated":true}]}}