{"id":34312,"date":"2025-07-11T21:10:37","date_gmt":"2025-07-11T21:10:37","guid":{"rendered":"https:\/\/apal.pt\/home\/?page_id=34312"},"modified":"2025-09-10T21:54:51","modified_gmt":"2025-09-10T21:54:51","slug":"patrocinador-ouro-lacoviana","status":"publish","type":"page","link":"https:\/\/apal.pt\/home\/patrocinador-ouro-lacoviana\/","title":{"rendered":"PATROCINADOR OURO: LACOVIANA"},"content":{"rendered":"\t\t<div data-elementor-type=\"wp-page\" data-elementor-id=\"34312\" class=\"elementor elementor-34312\" data-elementor-post-type=\"page\">\n\t\t\t\t\t\t<section class=\"elementor-section elementor-top-section elementor-element elementor-element-2e1d8345 elementor-section-full_width elementor-section-height-default elementor-section-height-default\" data-id=\"2e1d8345\" data-element_type=\"section\" data-e-type=\"section\">\r\n\t\t\t\t\t\t<div class=\"elementor-container elementor-column-gap-no\"><div class=\"elementor-row\">\r\n\t\t\t\t\t<div class=\"elementor-column elementor-col-100 elementor-top-column elementor-element elementor-element-6c9c5b03\" data-id=\"6c9c5b03\" data-element_type=\"column\" data-e-type=\"column\">\n\t\t\t<div class=\"elementor-widget-wrap elementor-element-populated\">\n\t\t\t\t\t\t<section class=\"elementor-section elementor-inner-section elementor-element elementor-element-72d132fe elementor-section-boxed elementor-section-height-default elementor-section-height-default\" data-id=\"72d132fe\" data-element_type=\"section\" data-e-type=\"section\" data-settings=\"{&quot;background_background&quot;:&quot;classic&quot;}\">\r\n\t\t\t\t\t\t<div class=\"elementor-container elementor-column-gap-thegem\"><div class=\"elementor-row\">\r\n\t\t\t\t\t<div class=\"elementor-column elementor-col-100 elementor-inner-column elementor-element elementor-element-5b208598\" data-id=\"5b208598\" data-element_type=\"column\" data-e-type=\"column\">\n\t\t\t<div class=\"elementor-widget-wrap elementor-element-populated\">\n\t\t\t\t\t\t<div class=\"elementor-element elementor-element-aeb3f14 flex-horizontal-align-default flex-horizontal-align-tablet-default flex-horizontal-align-mobile-default flex-vertical-align-default flex-vertical-align-tablet-default flex-vertical-align-mobile-default elementor-widget elementor-widget-heading\" data-id=\"aeb3f14\" data-element_type=\"widget\" data-e-type=\"widget\" data-widget_type=\"heading.default\">\n\t\t\t\t<div class=\"elementor-widget-container\">\n\t\t\t\t\t<div class=\"title-h5 light elementor-heading-title elementor-size-default\">PATROCINADOR OURO<\/div>\t\t\t\t<\/div>\n\t\t\t\t<\/div>\n\t\t\t\t<div class=\"elementor-element elementor-element-12cbf0c8 flex-horizontal-align-default flex-horizontal-align-tablet-default flex-horizontal-align-mobile-default flex-vertical-align-default flex-vertical-align-tablet-default flex-vertical-align-mobile-default elementor-widget elementor-widget-heading\" data-id=\"12cbf0c8\" data-element_type=\"widget\" data-e-type=\"widget\" data-widget_type=\"heading.default\">\n\t\t\t\t<div class=\"elementor-widget-container\">\n\t\t\t\t\t<div class=\"title-h1 elementor-heading-title elementor-size-default\"><a href=\"https:\/\/lacoviana.pt\">LACOVIANA<\/a><\/div>\t\t\t\t<\/div>\n\t\t\t\t<\/div>\n\t\t\t\t\t<\/div>\n\t\t<\/div>\n\t\t\t\t\t<\/div><\/div>\r\n\t\t<\/section>\r\n\t\t\t\t<section class=\"elementor-section elementor-inner-section elementor-element elementor-element-784cf271 elementor-section-full_width elementor-section-height-default elementor-section-height-default\" data-id=\"784cf271\" data-element_type=\"section\" data-e-type=\"section\">\r\n\t\t\t\t\t\t<div class=\"elementor-container elementor-column-gap-no\"><div class=\"elementor-row\">\r\n\t\t\t\t\t<div class=\"elementor-column elementor-col-33 elementor-inner-column elementor-element elementor-element-6f3f0929\" data-id=\"6f3f0929\" data-element_type=\"column\" data-e-type=\"column\" data-settings=\"{&quot;background_background&quot;:&quot;classic&quot;}\">\n\t\t\t<div class=\"elementor-widget-wrap elementor-element-populated\">\n\t\t\t\t\t\t<div class=\"elementor-element elementor-element-52ef6c8d flex-horizontal-align-default flex-horizontal-align-tablet-default flex-horizontal-align-mobile-default flex-vertical-align-default flex-vertical-align-tablet-default flex-vertical-align-mobile-default elementor-widget elementor-widget-spacer\" data-id=\"52ef6c8d\" data-element_type=\"widget\" data-e-type=\"widget\" data-widget_type=\"spacer.default\">\n\t\t\t\t<div class=\"elementor-widget-container\">\n\t\t\t\t\t\t\t<div class=\"elementor-spacer\">\n\t\t\t<div class=\"elementor-spacer-inner\"><\/div>\n\t\t<\/div>\n\t\t\t\t\t\t<\/div>\n\t\t\t\t<\/div>\n\t\t\t\t\t<\/div>\n\t\t<\/div>\n\t\t\t\t<div class=\"elementor-column elementor-col-33 elementor-inner-column elementor-element elementor-element-3429370c\" data-id=\"3429370c\" data-element_type=\"column\" data-e-type=\"column\">\n\t\t\t<div class=\"elementor-widget-wrap elementor-element-populated\">\n\t\t\t\t\t\t<div class=\"elementor-element elementor-element-4a1c5e1 flex-horizontal-align-default flex-horizontal-align-tablet-default flex-horizontal-align-mobile-default flex-vertical-align-default flex-vertical-align-tablet-default flex-vertical-align-mobile-default elementor-widget elementor-widget-heading\" data-id=\"4a1c5e1\" data-element_type=\"widget\" data-e-type=\"widget\" data-widget_type=\"heading.default\">\n\t\t\t\t<div class=\"elementor-widget-container\">\n\t\t\t\t\t<div class=\"title-h4 elementor-heading-title elementor-size-default\">Servi\u00e7os<\/div>\t\t\t\t<\/div>\n\t\t\t\t<\/div>\n\t\t\t\t<div class=\"elementor-element elementor-element-7e6fb380 elementor-widget__width-initial elementor-widget-mobile__width-inherit elementor-icon-list--layout-traditional elementor-list-item-link-full_width flex-horizontal-align-default flex-horizontal-align-tablet-default flex-horizontal-align-mobile-default flex-vertical-align-default flex-vertical-align-tablet-default flex-vertical-align-mobile-default elementor-widget elementor-widget-icon-list\" data-id=\"7e6fb380\" data-element_type=\"widget\" data-e-type=\"widget\" data-widget_type=\"icon-list.default\">\n\t\t\t\t<div class=\"elementor-widget-container\">\n\t\t\t\t\t\t\t<ul class=\"elementor-icon-list-items\">\n\t\t\t\t\t\t\t<li class=\"elementor-icon-list-item\">\n\t\t\t\t\t\t\t\t\t\t\t<span class=\"elementor-icon-list-icon\">\n\t\t\t\t\t\t\t<i aria-hidden=\"true\" class=\"gem-elegant icon-box-checked\"><\/i>\t\t\t\t\t\t<\/span>\n\t\t\t\t\t\t\t\t\t\t<span class=\"elementor-icon-list-text\">Lacagem (horizontal e vertical)<\/span>\n\t\t\t\t\t\t\t\t\t<\/li>\n\t\t\t\t\t\t\t\t<li class=\"elementor-icon-list-item\">\n\t\t\t\t\t\t\t\t\t\t\t<span class=\"elementor-icon-list-icon\">\n\t\t\t\t\t\t\t<i aria-hidden=\"true\" class=\"gem-elegant icon-box-checked\"><\/i>\t\t\t\t\t\t<\/span>\n\t\t\t\t\t\t\t\t\t\t<span class=\"elementor-icon-list-text\">Efeito Madeira (p\u00f3 sobre p\u00f3 e sublima\u00e7\u00e3o)<\/span>\n\t\t\t\t\t\t\t\t\t<\/li>\n\t\t\t\t\t\t\t\t<li class=\"elementor-icon-list-item\">\n\t\t\t\t\t\t\t\t\t\t\t<span class=\"elementor-icon-list-icon\">\n\t\t\t\t\t\t\t<i aria-hidden=\"true\" class=\"gem-elegant icon-box-checked\"><\/i>\t\t\t\t\t\t<\/span>\n\t\t\t\t\t\t\t\t\t\t<span class=\"elementor-icon-list-text\">Anodiza\u00e7\u00e3o<\/span>\n\t\t\t\t\t\t\t\t\t<\/li>\n\t\t\t\t\t\t\t\t<li class=\"elementor-icon-list-item\">\n\t\t\t\t\t\t\t\t\t\t\t<span class=\"elementor-icon-list-icon\">\n\t\t\t\t\t\t\t<i aria-hidden=\"true\" class=\"gem-elegant icon-box-checked\"><\/i>\t\t\t\t\t\t<\/span>\n\t\t\t\t\t\t\t\t\t\t<span class=\"elementor-icon-list-text\">Crava\u00e7\u00e3o<\/span>\n\t\t\t\t\t\t\t\t\t<\/li>\n\t\t\t\t\t\t<\/ul>\n\t\t\t\t\t\t<\/div>\n\t\t\t\t<\/div>\n\t\t\t\t\t<\/div>\n\t\t<\/div>\n\t\t\t\t<div class=\"elementor-column elementor-col-33 elementor-inner-column elementor-element elementor-element-192bb32\" data-id=\"192bb32\" data-element_type=\"column\" data-e-type=\"column\">\n\t\t\t<div class=\"elementor-widget-wrap elementor-element-populated\">\n\t\t\t\t\t\t<div class=\"elementor-element elementor-element-0002e2f flex-horizontal-align-default flex-horizontal-align-tablet-default flex-horizontal-align-mobile-default flex-vertical-align-default flex-vertical-align-tablet-default flex-vertical-align-mobile-default elementor-widget elementor-widget-heading\" data-id=\"0002e2f\" data-element_type=\"widget\" data-e-type=\"widget\" data-widget_type=\"heading.default\">\n\t\t\t\t<div class=\"elementor-widget-container\">\n\t\t\t\t\t<div class=\"title-h4 elementor-heading-title elementor-size-default\">Certifica\u00e7\u00f5es<\/div>\t\t\t\t<\/div>\n\t\t\t\t<\/div>\n\t\t\t\t<div class=\"elementor-element elementor-element-6341eea elementor-widget__width-initial elementor-widget-mobile__width-inherit elementor-icon-list--layout-traditional elementor-list-item-link-full_width flex-horizontal-align-default flex-horizontal-align-tablet-default flex-horizontal-align-mobile-default flex-vertical-align-default flex-vertical-align-tablet-default flex-vertical-align-mobile-default elementor-widget elementor-widget-icon-list\" data-id=\"6341eea\" data-element_type=\"widget\" data-e-type=\"widget\" data-widget_type=\"icon-list.default\">\n\t\t\t\t<div class=\"elementor-widget-container\">\n\t\t\t\t\t\t\t<ul class=\"elementor-icon-list-items\">\n\t\t\t\t\t\t\t<li class=\"elementor-icon-list-item\">\n\t\t\t\t\t\t\t\t\t\t\t<span class=\"elementor-icon-list-icon\">\n\t\t\t\t\t\t\t<i aria-hidden=\"true\" class=\"gem-elegant icon-box-checked\"><\/i>\t\t\t\t\t\t<\/span>\n\t\t\t\t\t\t\t\t\t\t<span class=\"elementor-icon-list-text\">QUALICOAT SEASIDE (lacados)\u202f<\/span>\n\t\t\t\t\t\t\t\t\t<\/li>\n\t\t\t\t\t\t\t\t<li class=\"elementor-icon-list-item\">\n\t\t\t\t\t\t\t\t\t\t\t<span class=\"elementor-icon-list-icon\">\n\t\t\t\t\t\t\t<i aria-hidden=\"true\" class=\"gem-elegant icon-box-checked\"><\/i>\t\t\t\t\t\t<\/span>\n\t\t\t\t\t\t\t\t\t\t<span class=\"elementor-icon-list-text\"> QUALILAQUAGE<\/span>\n\t\t\t\t\t\t\t\t\t<\/li>\n\t\t\t\t\t\t\t\t<li class=\"elementor-icon-list-item\">\n\t\t\t\t\t\t\t\t\t\t\t<span class=\"elementor-icon-list-icon\">\n\t\t\t\t\t\t\t<i aria-hidden=\"true\" class=\"gem-elegant icon-box-checked\"><\/i>\t\t\t\t\t\t<\/span>\n\t\t\t\t\t\t\t\t\t\t<span class=\"elementor-icon-list-text\">QUALIMARINE<\/span>\n\t\t\t\t\t\t\t\t\t<\/li>\n\t\t\t\t\t\t\t\t<li class=\"elementor-icon-list-item\">\n\t\t\t\t\t\t\t\t\t\t\t<span class=\"elementor-icon-list-icon\">\n\t\t\t\t\t\t\t<i aria-hidden=\"true\" class=\"gem-elegant icon-box-checked\"><\/i>\t\t\t\t\t\t<\/span>\n\t\t\t\t\t\t\t\t\t\t<span class=\"elementor-icon-list-text\">QUALIDECO (acabamentos decorativos p\u00f3 sobre p\u00f3 e sublima\u00e7\u00e3o)\u202f<\/span>\n\t\t\t\t\t\t\t\t\t<\/li>\n\t\t\t\t\t\t\t\t<li class=\"elementor-icon-list-item\">\n\t\t\t\t\t\t\t\t\t\t\t<span class=\"elementor-icon-list-icon\">\n\t\t\t\t\t\t\t<i aria-hidden=\"true\" class=\"gem-elegant icon-box-checked\"><\/i>\t\t\t\t\t\t<\/span>\n\t\t\t\t\t\t\t\t\t\t<span class=\"elementor-icon-list-text\">QUALANOD (anodiza\u00e7\u00e3o)<\/span>\n\t\t\t\t\t\t\t\t\t<\/li>\n\t\t\t\t\t\t\t\t<li class=\"elementor-icon-list-item\">\n\t\t\t\t\t\t\t\t\t\t\t<span class=\"elementor-icon-list-icon\">\n\t\t\t\t\t\t\t<i aria-hidden=\"true\" class=\"gem-elegant icon-box-checked\"><\/i>\t\t\t\t\t\t<\/span>\n\t\t\t\t\t\t\t\t\t\t<span class=\"elementor-icon-list-text\">ISO\u202f9001 (sistemas de gest\u00e3o da qualidade)<\/span>\n\t\t\t\t\t\t\t\t\t<\/li>\n\t\t\t\t\t\t<\/ul>\n\t\t\t\t\t\t<\/div>\n\t\t\t\t<\/div>\n\t\t\t\t\t<\/div>\n\t\t<\/div>\n\t\t\t\t\t<\/div><\/div>\r\n\t\t<\/section>\r\n\t\t\t\t<section class=\"elementor-section elementor-inner-section elementor-element elementor-element-430de69 elementor-section-full_width elementor-section-height-default elementor-section-height-default\" data-id=\"430de69\" data-element_type=\"section\" data-e-type=\"section\">\r\n\t\t\t\t\t\t<div class=\"elementor-container elementor-column-gap-no\"><div class=\"elementor-row\">\r\n\t\t\t\t\t<div class=\"elementor-column elementor-col-100 elementor-inner-column elementor-element elementor-element-6e501df\" data-id=\"6e501df\" data-element_type=\"column\" data-e-type=\"column\" data-settings=\"{&quot;background_background&quot;:&quot;gradient&quot;}\">\n\t\t\t<div class=\"elementor-widget-wrap elementor-element-populated\">\n\t\t\t\t\t\t<div class=\"elementor-element elementor-element-00bd68b flex-horizontal-align-default flex-horizontal-align-tablet-default flex-horizontal-align-mobile-default flex-vertical-align-default flex-vertical-align-tablet-default flex-vertical-align-mobile-default elementor-widget elementor-widget-spacer\" data-id=\"00bd68b\" data-element_type=\"widget\" data-e-type=\"widget\" data-widget_type=\"spacer.default\">\n\t\t\t\t<div class=\"elementor-widget-container\">\n\t\t\t\t\t\t\t<div class=\"elementor-spacer\">\n\t\t\t<div class=\"elementor-spacer-inner\"><\/div>\n\t\t<\/div>\n\t\t\t\t\t\t<\/div>\n\t\t\t\t<\/div>\n\t\t\t\t\t<\/div>\n\t\t<\/div>\n\t\t\t\t\t<\/div><\/div>\r\n\t\t<\/section>\r\n\t\t\t\t<section class=\"elementor-section elementor-inner-section elementor-element elementor-element-f29957c elementor-section-full_width elementor-section-height-default elementor-section-height-default\" data-id=\"f29957c\" data-element_type=\"section\" data-e-type=\"section\">\r\n\t\t\t\t\t\t<div class=\"elementor-container elementor-column-gap-no\"><div class=\"elementor-row\">\r\n\t\t\t\t\t<div class=\"elementor-column elementor-col-50 elementor-inner-column elementor-element elementor-element-777632e\" data-id=\"777632e\" data-element_type=\"column\" data-e-type=\"column\">\n\t\t\t<div class=\"elementor-widget-wrap elementor-element-populated\">\n\t\t\t\t\t\t<div class=\"elementor-element elementor-element-9e4f117 flex-horizontal-align-default flex-horizontal-align-tablet-default flex-horizontal-align-mobile-default flex-vertical-align-default flex-vertical-align-tablet-default flex-vertical-align-mobile-default elementor-widget elementor-widget-heading\" data-id=\"9e4f117\" data-element_type=\"widget\" data-e-type=\"widget\" data-widget_type=\"heading.default\">\n\t\t\t\t<div class=\"elementor-widget-container\">\n\t\t\t\t\t<div class=\"title-h4 elementor-heading-title elementor-size-default\">APRESENTA\u00c7\u00c3O<\/div>\t\t\t\t<\/div>\n\t\t\t\t<\/div>\n\t\t\t\t<div class=\"elementor-element elementor-element-405a8bf flex-horizontal-align-default flex-horizontal-align-tablet-default flex-horizontal-align-mobile-default flex-vertical-align-default flex-vertical-align-tablet-default flex-vertical-align-mobile-default elementor-widget elementor-widget-text-editor\" data-id=\"405a8bf\" data-element_type=\"widget\" data-e-type=\"widget\" data-widget_type=\"text-editor.default\">\n\t\t\t\t<div class=\"elementor-widget-container\">\n\t\t\t\t\t\t\t\t\t\t\t\t<div class=\"elementor-text-editor elementor-clearfix\">\r\n\t\t\t\t\t\t<p>Fundada em 1988, a Lacoviana conta com mais de 35 anos de experi\u00eancia no tratamento de perfis de alum\u00ednio. A empresa disp\u00f5e de 12\u202f000\u202fm\u00b2 de instala\u00e7\u00f5es modernas, incluindo linhas de lacagem (horizontal e vertical), efeito madeira (p\u00f3 sobre p\u00f3 e sublima\u00e7\u00e3o), anodiza\u00e7\u00e3o e crava\u00e7\u00e3o.<br \/><br \/>Com uma grande capacidade produtiva instalada, assegura elevados padr\u00f5es de qualidade, sustentados por certifica\u00e7\u00f5es QUALICOAT SEASIDE, QUALIDECO (p\u00f3 sobre p\u00f3 e sublima\u00e7\u00e3o), QUALANOD, QUALILAQUAGE, QUALIMARINE, QB49 e ISO\u202f9001.<br \/><br \/>A Lacoviana, alia tradi\u00e7\u00e3o e inova\u00e7\u00e3o no tratamento de alum\u00ednio. Com certifica\u00e7\u00f5es de refer\u00eancia e uma grande capacidade produtiva, garantimos solu\u00e7\u00f5es duradouras, sustent\u00e1veis e de excel\u00eancia. S\u00e3o poucas, mas bem consistentes, as palavras que nos definem: experi\u00eancia, qualidade e satisfa\u00e7\u00e3o.<\/p>\t\t\t\t\t\t\t<\/div>\r\n\t\t\t\t\t\t\t\t\t\t<\/div>\n\t\t\t\t<\/div>\n\t\t\t\t<div class=\"elementor-element elementor-element-799d8e4 flex-horizontal-align-default flex-horizontal-align-tablet-default flex-horizontal-align-mobile-default flex-vertical-align-default flex-vertical-align-tablet-default flex-vertical-align-mobile-default elementor-widget elementor-widget-spacer\" data-id=\"799d8e4\" data-element_type=\"widget\" data-e-type=\"widget\" data-widget_type=\"spacer.default\">\n\t\t\t\t<div class=\"elementor-widget-container\">\n\t\t\t\t\t\t\t<div class=\"elementor-spacer\">\n\t\t\t<div class=\"elementor-spacer-inner\"><\/div>\n\t\t<\/div>\n\t\t\t\t\t\t<\/div>\n\t\t\t\t<\/div>\n\t\t\t\t<div class=\"elementor-element elementor-element-086b953 flex-horizontal-align-default flex-horizontal-align-tablet-default flex-horizontal-align-mobile-default flex-vertical-align-default flex-vertical-align-tablet-default flex-vertical-align-mobile-default elementor-widget elementor-widget-heading\" data-id=\"086b953\" data-element_type=\"widget\" data-e-type=\"widget\" data-widget_type=\"heading.default\">\n\t\t\t\t<div class=\"elementor-widget-container\">\n\t\t\t\t\t<div class=\"title-h5 light elementor-heading-title elementor-size-default\"><a href=\"https:\/\/www.lacoviana.pt\">www.lacoviana.pt<\/a><\/div>\t\t\t\t<\/div>\n\t\t\t\t<\/div>\n\t\t\t\t\t<\/div>\n\t\t<\/div>\n\t\t\t\t<div class=\"elementor-column elementor-col-50 elementor-inner-column elementor-element elementor-element-e05baf6\" data-id=\"e05baf6\" data-element_type=\"column\" data-e-type=\"column\" data-settings=\"{&quot;background_background&quot;:&quot;classic&quot;}\">\n\t\t\t<div class=\"elementor-widget-wrap elementor-element-populated\">\n\t\t\t\t\t\t<div class=\"elementor-element elementor-element-aa4be25 flex-horizontal-align-default flex-horizontal-align-tablet-default flex-horizontal-align-mobile-default flex-vertical-align-default flex-vertical-align-tablet-default flex-vertical-align-mobile-default elementor-widget elementor-widget-spacer\" data-id=\"aa4be25\" data-element_type=\"widget\" data-e-type=\"widget\" data-widget_type=\"spacer.default\">\n\t\t\t\t<div class=\"elementor-widget-container\">\n\t\t\t\t\t\t\t<div class=\"elementor-spacer\">\n\t\t\t<div class=\"elementor-spacer-inner\"><\/div>\n\t\t<\/div>\n\t\t\t\t\t\t<\/div>\n\t\t\t\t<\/div>\n\t\t\t\t\t<\/div>\n\t\t<\/div>\n\t\t\t\t\t<\/div><\/div>\r\n\t\t<\/section>\r\n\t\t\t\t\t<\/div>\n\t\t<\/div>\n\t\t\t\t\t<\/div><\/div>\r\n\t\t<\/section>\r\n\t\t\t\t<\/div>\n\t\t","protected":false},"excerpt":{"rendered":"<p>PATROCINADOR OURO LACOVIANA Servi\u00e7os Lacagem (horizontal e vertical) Efeito Madeira (p\u00f3 sobre p\u00f3 e sublima\u00e7\u00e3o) Anodiza\u00e7\u00e3o Crava\u00e7\u00e3o Certifica\u00e7\u00f5es QUALICOAT SEASIDE&#8230;<\/p>\n","protected":false},"author":1,"featured_media":0,"parent":0,"menu_order":0,"comment_status":"closed","ping_status":"closed","template":"page-fullwidth.php","meta":{"footnotes":""},"class_list":["post-34312","page","type-page","status-publish"],"yoast_head":"<!-- This site is optimized with the Yoast SEO plugin v27.0 - https:\/\/yoast.com\/product\/yoast-seo-wordpress\/ -->\n<title>PATROCINADOR OURO: LACOVIANA - Apal<\/title>\n<meta name=\"robots\" content=\"index, follow, max-snippet:-1, max-image-preview:large, max-video-preview:-1\" \/>\n<link rel=\"canonical\" href=\"https:\/\/apal.pt\/home\/patrocinador-ouro-lacoviana\/\" \/>\n<meta property=\"og:locale\" content=\"en_US\" \/>\n<meta property=\"og:type\" content=\"article\" \/>\n<meta property=\"og:title\" content=\"PATROCINADOR OURO: LACOVIANA - Apal\" \/>\n<meta property=\"og:description\" content=\"PATROCINADOR OURO LACOVIANA Servi\u00e7os Lacagem (horizontal e vertical) Efeito Madeira (p\u00f3 sobre p\u00f3 e sublima\u00e7\u00e3o) Anodiza\u00e7\u00e3o Crava\u00e7\u00e3o Certifica\u00e7\u00f5es QUALICOAT SEASIDE...\" \/>\n<meta property=\"og:url\" content=\"https:\/\/apal.pt\/home\/patrocinador-ouro-lacoviana\/\" \/>\n<meta property=\"og:site_name\" content=\"Apal\" \/>\n<meta property=\"article:publisher\" content=\"https:\/\/www.facebook.com\/apaluminio\/?locale=pt_PT\" \/>\n<meta property=\"article:modified_time\" content=\"2025-09-10T21:54:51+00:00\" \/>\n<meta property=\"og:image\" content=\"https:\/\/apal.pt\/home\/wp-content\/uploads\/2021\/11\/ApalAzul.png\" \/>\n\t<meta property=\"og:image:width\" content=\"922\" \/>\n\t<meta property=\"og:image:height\" content=\"497\" \/>\n\t<meta property=\"og:image:type\" content=\"image\/png\" \/>\n<meta name=\"twitter:card\" content=\"summary_large_image\" \/>\n<meta name=\"twitter:label1\" content=\"Est. reading time\" \/>\n\t<meta name=\"twitter:data1\" content=\"1 minute\" \/>\n<script type=\"application\/ld+json\" class=\"yoast-schema-graph\">{\"@context\":\"https:\/\/schema.org\",\"@graph\":[{\"@type\":\"WebPage\",\"@id\":\"https:\/\/apal.pt\/home\/patrocinador-ouro-lacoviana\/\",\"url\":\"https:\/\/apal.pt\/home\/patrocinador-ouro-lacoviana\/\",\"name\":\"PATROCINADOR OURO: LACOVIANA - Apal\",\"isPartOf\":{\"@id\":\"https:\/\/apal.pt\/home\/#website\"},\"datePublished\":\"2025-07-11T21:10:37+00:00\",\"dateModified\":\"2025-09-10T21:54:51+00:00\",\"breadcrumb\":{\"@id\":\"https:\/\/apal.pt\/home\/patrocinador-ouro-lacoviana\/#breadcrumb\"},\"inLanguage\":\"en-US\",\"potentialAction\":[{\"@type\":\"ReadAction\",\"target\":[\"https:\/\/apal.pt\/home\/patrocinador-ouro-lacoviana\/\"]}]},{\"@type\":\"BreadcrumbList\",\"@id\":\"https:\/\/apal.pt\/home\/patrocinador-ouro-lacoviana\/#breadcrumb\",\"itemListElement\":[{\"@type\":\"ListItem\",\"position\":1,\"name\":\"Home\",\"item\":\"https:\/\/apal.pt\/home\/\"},{\"@type\":\"ListItem\",\"position\":2,\"name\":\"PATROCINADOR OURO: LACOVIANA\"}]},{\"@type\":\"WebSite\",\"@id\":\"https:\/\/apal.pt\/home\/#website\",\"url\":\"https:\/\/apal.pt\/home\/\",\"name\":\"Apal\",\"description\":\"Associa\u00e7\u00e3o Portuguesa do Alum\u00ednio\",\"publisher\":{\"@id\":\"https:\/\/apal.pt\/home\/#organization\"},\"potentialAction\":[{\"@type\":\"SearchAction\",\"target\":{\"@type\":\"EntryPoint\",\"urlTemplate\":\"https:\/\/apal.pt\/home\/?s={search_term_string}\"},\"query-input\":{\"@type\":\"PropertyValueSpecification\",\"valueRequired\":true,\"valueName\":\"search_term_string\"}}],\"inLanguage\":\"en-US\"},{\"@type\":\"Organization\",\"@id\":\"https:\/\/apal.pt\/home\/#organization\",\"name\":\"Apal - Associa\u00e7\u00e3o Portuguesa do Alum\u00ednio\",\"url\":\"https:\/\/apal.pt\/home\/\",\"logo\":{\"@type\":\"ImageObject\",\"inLanguage\":\"en-US\",\"@id\":\"https:\/\/apal.pt\/home\/#\/schema\/logo\/image\/\",\"url\":\"https:\/\/apal.pt\/home\/wp-content\/uploads\/2021\/10\/Apal_final_black.png\",\"contentUrl\":\"https:\/\/apal.pt\/home\/wp-content\/uploads\/2021\/10\/Apal_final_black.png\",\"width\":2048,\"height\":1119,\"caption\":\"Apal - Associa\u00e7\u00e3o Portuguesa do Alum\u00ednio\"},\"image\":{\"@id\":\"https:\/\/apal.pt\/home\/#\/schema\/logo\/image\/\"},\"sameAs\":[\"https:\/\/www.facebook.com\/apaluminio\/?locale=pt_PT\"]}]}<\/script>\n<!-- \/ Yoast SEO plugin. -->","yoast_head_json":{"title":"PATROCINADOR OURO: LACOVIANA - Apal","robots":{"index":"index","follow":"follow","max-snippet":"max-snippet:-1","max-image-preview":"max-image-preview:large","max-video-preview":"max-video-preview:-1"},"canonical":"https:\/\/apal.pt\/home\/patrocinador-ouro-lacoviana\/","og_locale":"en_US","og_type":"article","og_title":"PATROCINADOR OURO: LACOVIANA - Apal","og_description":"PATROCINADOR OURO LACOVIANA Servi\u00e7os Lacagem (horizontal e vertical) Efeito Madeira (p\u00f3 sobre p\u00f3 e sublima\u00e7\u00e3o) Anodiza\u00e7\u00e3o Crava\u00e7\u00e3o Certifica\u00e7\u00f5es QUALICOAT SEASIDE...","og_url":"https:\/\/apal.pt\/home\/patrocinador-ouro-lacoviana\/","og_site_name":"Apal","article_publisher":"https:\/\/www.facebook.com\/apaluminio\/?locale=pt_PT","article_modified_time":"2025-09-10T21:54:51+00:00","og_image":[{"width":922,"height":497,"url":"https:\/\/apal.pt\/home\/wp-content\/uploads\/2021\/11\/ApalAzul.png","type":"image\/png"}],"twitter_card":"summary_large_image","twitter_misc":{"Est. reading time":"1 minute"},"schema":{"@context":"https:\/\/schema.org","@graph":[{"@type":"WebPage","@id":"https:\/\/apal.pt\/home\/patrocinador-ouro-lacoviana\/","url":"https:\/\/apal.pt\/home\/patrocinador-ouro-lacoviana\/","name":"PATROCINADOR OURO: LACOVIANA - Apal","isPartOf":{"@id":"https:\/\/apal.pt\/home\/#website"},"datePublished":"2025-07-11T21:10:37+00:00","dateModified":"2025-09-10T21:54:51+00:00","breadcrumb":{"@id":"https:\/\/apal.pt\/home\/patrocinador-ouro-lacoviana\/#breadcrumb"},"inLanguage":"en-US","potentialAction":[{"@type":"ReadAction","target":["https:\/\/apal.pt\/home\/patrocinador-ouro-lacoviana\/"]}]},{"@type":"BreadcrumbList","@id":"https:\/\/apal.pt\/home\/patrocinador-ouro-lacoviana\/#breadcrumb","itemListElement":[{"@type":"ListItem","position":1,"name":"Home","item":"https:\/\/apal.pt\/home\/"},{"@type":"ListItem","position":2,"name":"PATROCINADOR OURO: LACOVIANA"}]},{"@type":"WebSite","@id":"https:\/\/apal.pt\/home\/#website","url":"https:\/\/apal.pt\/home\/","name":"Apal","description":"Associa\u00e7\u00e3o Portuguesa do Alum\u00ednio","publisher":{"@id":"https:\/\/apal.pt\/home\/#organization"},"potentialAction":[{"@type":"SearchAction","target":{"@type":"EntryPoint","urlTemplate":"https:\/\/apal.pt\/home\/?s={search_term_string}"},"query-input":{"@type":"PropertyValueSpecification","valueRequired":true,"valueName":"search_term_string"}}],"inLanguage":"en-US"},{"@type":"Organization","@id":"https:\/\/apal.pt\/home\/#organization","name":"Apal - Associa\u00e7\u00e3o Portuguesa do Alum\u00ednio","url":"https:\/\/apal.pt\/home\/","logo":{"@type":"ImageObject","inLanguage":"en-US","@id":"https:\/\/apal.pt\/home\/#\/schema\/logo\/image\/","url":"https:\/\/apal.pt\/home\/wp-content\/uploads\/2021\/10\/Apal_final_black.png","contentUrl":"https:\/\/apal.pt\/home\/wp-content\/uploads\/2021\/10\/Apal_final_black.png","width":2048,"height":1119,"caption":"Apal - Associa\u00e7\u00e3o Portuguesa do Alum\u00ednio"},"image":{"@id":"https:\/\/apal.pt\/home\/#\/schema\/logo\/image\/"},"sameAs":["https:\/\/www.facebook.com\/apaluminio\/?locale=pt_PT"]}]}},"_links":{"self":[{"href":"https:\/\/apal.pt\/home\/wp-json\/wp\/v2\/pages\/34312","targetHints":{"allow":["GET"]}}],"collection":[{"href":"https:\/\/apal.pt\/home\/wp-json\/wp\/v2\/pages"}],"about":[{"href":"https:\/\/apal.pt\/home\/wp-json\/wp\/v2\/types\/page"}],"author":[{"embeddable":true,"href":"https:\/\/apal.pt\/home\/wp-json\/wp\/v2\/users\/1"}],"replies":[{"embeddable":true,"href":"https:\/\/apal.pt\/home\/wp-json\/wp\/v2\/comments?post=34312"}],"version-history":[{"count":3,"href":"https:\/\/apal.pt\/home\/wp-json\/wp\/v2\/pages\/34312\/revisions"}],"predecessor-version":[{"id":34699,"href":"https:\/\/apal.pt\/home\/wp-json\/wp\/v2\/pages\/34312\/revisions\/34699"}],"wp:attachment":[{"href":"https:\/\/apal.pt\/home\/wp-json\/wp\/v2\/media?parent=34312"}],"curies":[{"name":"wp","href":"https:\/\/api.w.org\/{rel}","templated":true}]}}